{"id":2,"date":"2023-05-24T07:32:54","date_gmt":"2023-05-24T07:32:54","guid":{"rendered":"https:\/\/www.federicovalicenti.it\/?page_id=2"},"modified":"2023-07-26T23:42:49","modified_gmt":"2023-07-26T21:42:49","slug":"sample-page","status":"publish","type":"page","link":"https:\/\/www.lunarossaterranova.it\/?page_id=2","title":{"rendered":"Luna Rossa"},"content":{"rendered":"\t\t<div data-elementor-type=\"wp-page\" data-elementor-id=\"2\" class=\"elementor elementor-2\">\n\t\t\t\t\t\t<section class=\"elementor-section elementor-top-section elementor-element elementor-element-69006776 elementor-section-boxed elementor-section-height-default elementor-section-height-default\" data-id=\"69006776\" data-element_type=\"section\" data-e-type=\"section\">\n\t\t\t\t\t\t<div class=\"elementor-container elementor-column-gap-default\">\n\t\t\t\t\t<div class=\"elementor-column elementor-col-100 elementor-top-column elementor-element elementor-element-39a3989c\" data-id=\"39a3989c\" data-element_type=\"column\" data-e-type=\"column\">\n\t\t\t<div class=\"elementor-widget-wrap elementor-element-populated\">\n\t\t\t\t\t\t<div class=\"elementor-element elementor-element-60ca010c elementor-widget elementor-widget-text-editor\" data-id=\"60ca010c\" data-element_type=\"widget\" data-e-type=\"widget\" data-widget_type=\"text-editor.default\">\n\t\t\t\t<div class=\"elementor-widget-container\">\n\t\t\t\t\t\t\t\t\t<div class=\"flex flex-grow flex-col gap-3\"><div class=\"min-h-[20px] flex items-start overflow-x-auto whitespace-pre-wrap break-words flex-col gap-4\"><div class=\"markdown prose w-full break-words dark:prose-invert light\"><h1 style=\"text-align: center;\"><strong>Luna Rossa: L&#8217;Anima della Basilicata<\/strong><\/h1><p>Viaggiate con noi in una terra incontaminata, un angolo del mondo dove l&#8217;anima della Basilicata rivela i suoi tesori gastronomici a coloro che osano immergersi in un viaggio emozionale del palato. Benvenuti a Luna Rossa, un ristorante che cattura l&#8217;autentica essenza culinaria di questa magnifica regione.<\/p><p>\u00a0<\/p><p>Ogni piatto che porta il nostro nome \u00e8 una poesia culinaria, scritta con amore e passione tramandate da generazioni. Le nostre radici affondano nel cuore della tradizione contadina di Basilicata, dove la semplicit\u00e0 si trasforma in grandezza e i sapori si fondono in un&#8217;armonia che vi commuover\u00e0.<\/p><p>\u00a0<\/p><p>Le antiche ricette segrete ci guidano in questa esperienza culinaria unica. Gustate il calore di una zuppa di ceci, condita con l&#8217;olio d&#8217;oliva pi\u00f9 pregiato della nostra terra. Viaggerete indietro nel tempo, tra i racconti dei nostri nonni, mentre il profumo di pane appena sfornato riempie l&#8217;aria.<img fetchpriority=\"high\" decoding=\"async\" class=\"alignleft wp-image-1024 size-large\" src=\"https:\/\/www.lunarossacademy.it\/wp-content\/uploads\/2023\/07\/Panoramica_senza-titolo1-1024x440.jpeg\" alt=\"\" width=\"525\" height=\"226\" srcset=\"https:\/\/www.lunarossaterranova.it\/wp-content\/uploads\/2023\/07\/Panoramica_senza-titolo1-1024x440.jpeg 1024w, https:\/\/www.lunarossaterranova.it\/wp-content\/uploads\/2023\/07\/Panoramica_senza-titolo1-300x129.jpeg 300w, https:\/\/www.lunarossaterranova.it\/wp-content\/uploads\/2023\/07\/Panoramica_senza-titolo1-768x330.jpeg 768w, https:\/\/www.lunarossaterranova.it\/wp-content\/uploads\/2023\/07\/Panoramica_senza-titolo1-1536x660.jpeg 1536w, https:\/\/www.lunarossaterranova.it\/wp-content\/uploads\/2023\/07\/Panoramica_senza-titolo1-2048x880.jpeg 2048w, https:\/\/www.lunarossaterranova.it\/wp-content\/uploads\/2023\/07\/Panoramica_senza-titolo1-600x258.jpeg 600w\" sizes=\"(max-width: 525px) 100vw, 525px\" \/><\/p><p>\u00a0<\/p><p>La pasta, lavorata a mano con cura e maestria, vi regaler\u00e0 una bont\u00e0 senza tempo. Assaporate le nostre ricette storiche, oppure lasciatevi tentare dalla prelibatezza delle orecchiette alle verdure dell&#8217;orto, dove la semplicit\u00e0 degli ingredienti si sposa con l&#8217;esplosione di sapore.<\/p><p><img decoding=\"async\" class=\"alignright wp-image-189 size-large\" src=\"https:\/\/www.lunarossacademy.it\/wp-content\/uploads\/2023\/06\/DSC8111-821x1024.jpeg\" alt=\"\" width=\"525\" height=\"655\" srcset=\"https:\/\/www.lunarossaterranova.it\/wp-content\/uploads\/2023\/06\/DSC8111-821x1024.jpeg 821w, https:\/\/www.lunarossaterranova.it\/wp-content\/uploads\/2023\/06\/DSC8111-scaled-600x748.jpeg 600w, https:\/\/www.lunarossaterranova.it\/wp-content\/uploads\/2023\/06\/DSC8111-241x300.jpeg 241w, https:\/\/www.lunarossaterranova.it\/wp-content\/uploads\/2023\/06\/DSC8111-768x958.jpeg 768w, https:\/\/www.lunarossaterranova.it\/wp-content\/uploads\/2023\/06\/DSC8111-1232x1536.jpeg 1232w, https:\/\/www.lunarossaterranova.it\/wp-content\/uploads\/2023\/06\/DSC8111-1642x2048.jpeg 1642w\" sizes=\"(max-width: 525px) 100vw, 525px\" \/><\/p><p>\u00a0<\/p><p>E cosa dire dei nostri arrosti? Un trionfo di carne saporita, cotta lentamente fino a diventare tenera e succulenta, con note di erbe aromatiche che vi faranno sognare. I sapori autentici e intensi della Basilicata danzeranno sulle vostre papille gustative, e il cuore vi si stringer\u00e0 d&#8217;emozione.<\/p><p>\u00a0<\/p><p>Quando avrete l&#8217;ardente desiderio di lasciarvi tentare dai dolci, Luna Rossa vi offrir\u00e0 un paradiso di sapori. I dolci tradizionali e rivisitati come il tiramisud, vi regaleranno un abbraccio di dolcezza, riportandovi a momenti di gioia e serenit\u00e0.<\/p><p>\u00a0<\/p><p>Qui, da Luna Rossa, siamo una famiglia che vi accoglie a braccia aperte. Ogni piatto \u00e8 una testimonianza dell&#8217;amore e della dedizione di Federico Valicenti, che con orgoglio porta avanti le tradizioni culinarie della Basilicata.<\/p><p>\u00a0<\/p><p>Luna Rossa \u00e8 pi\u00f9 di un semplice ristorante; \u00e8 un viaggio di scoperta, una celebrazione dell&#8217;autenticit\u00e0 e della passione culinaria di una terra incantata.<\/p><p>\u00a0<\/p><p>Vi invito a condividere con noi questo emozionante percorso, dove ogni boccone \u00e8 un tuffo nel cuore pulsante di Basilicata.<\/p><\/div><\/div><\/div>\t\t\t\t\t\t\t\t<\/div>\n\t\t\t\t<\/div>\n\t\t\t\t\t<\/div>\n\t\t<\/div>\n\t\t\t\t\t<\/div>\n\t\t<\/section>\n\t\t\t\t<\/div>\n\t\t","protected":false},"excerpt":{"rendered":"<p>Luna Rossa: L&#8217;Anima della Basilicata Viaggiate con noi in una terra incontaminata, un angolo del mondo dove l&#8217;anima della Basilicata rivela i suoi tesori gastronomici a coloro che osano immergersi in un viaggio emozionale del palato. Benvenuti a Luna Rossa, un ristorante che cattura l&#8217;autentica essenza culinaria di questa magnifica regione. \u00a0 Ogni piatto che [&hellip;]<\/p>\n","protected":false},"author":1,"featured_media":0,"parent":0,"menu_order":0,"comment_status":"closed","ping_status":"open","template":"","meta":{"iawp_total_views":1030,"footnotes":""},"class_list":["post-2","page","type-page","status-publish","hentry"],"_links":{"self":[{"href":"https:\/\/www.lunarossaterranova.it\/index.php?rest_route=\/wp\/v2\/pages\/2","targetHints":{"allow":["GET"]}}],"collection":[{"href":"https:\/\/www.lunarossaterranova.it\/index.php?rest_route=\/wp\/v2\/pages"}],"about":[{"href":"https:\/\/www.lunarossaterranova.it\/index.php?rest_route=\/wp\/v2\/types\/page"}],"author":[{"embeddable":true,"href":"https:\/\/www.lunarossaterranova.it\/index.php?rest_route=\/wp\/v2\/users\/1"}],"replies":[{"embeddable":true,"href":"https:\/\/www.lunarossaterranova.it\/index.php?rest_route=%2Fwp%2Fv2%2Fcomments&post=2"}],"version-history":[{"count":29,"href":"https:\/\/www.lunarossaterranova.it\/index.php?rest_route=\/wp\/v2\/pages\/2\/revisions"}],"predecessor-version":[{"id":1116,"href":"https:\/\/www.lunarossaterranova.it\/index.php?rest_route=\/wp\/v2\/pages\/2\/revisions\/1116"}],"wp:attachment":[{"href":"https:\/\/www.lunarossaterranova.it\/index.php?rest_route=%2Fwp%2Fv2%2Fmedia&parent=2"}],"curies":[{"name":"wp","href":"https:\/\/api.w.org\/{rel}","templated":true}]}}