{"id":1672,"date":"2023-09-27T20:04:49","date_gmt":"2023-09-27T18:04:49","guid":{"rendered":"https:\/\/www.federicovalicenti.it\/?page_id=1672"},"modified":"2023-09-27T20:07:35","modified_gmt":"2023-09-27T18:07:35","slug":"luna-rossa-academy","status":"publish","type":"page","link":"https:\/\/www.lunarossaterranova.it\/?page_id=1672","title":{"rendered":"Luna Rossa Academy"},"content":{"rendered":"\t\t<div data-elementor-type=\"wp-page\" data-elementor-id=\"1672\" class=\"elementor elementor-1672\">\n\t\t\t\t\t\t<section class=\"elementor-section elementor-top-section elementor-element elementor-element-0584861 elementor-section-full_width elementor-section-height-default elementor-section-height-default\" data-id=\"0584861\" data-element_type=\"section\" data-e-type=\"section\">\n\t\t\t\t\t\t<div class=\"elementor-container elementor-column-gap-default\">\n\t\t\t\t\t<div class=\"elementor-column elementor-col-100 elementor-top-column elementor-element elementor-element-e3d7ef7\" data-id=\"e3d7ef7\" data-element_type=\"column\" data-e-type=\"column\">\n\t\t\t<div class=\"elementor-widget-wrap elementor-element-populated\">\n\t\t\t\t\t\t<div class=\"elementor-element elementor-element-37cdda5 elementor-widget elementor-widget-ticrou_banner_v1\" data-id=\"37cdda5\" data-element_type=\"widget\" data-e-type=\"widget\" data-widget_type=\"ticrou_banner_v1.default\">\n\t\t\t\t<div class=\"elementor-widget-container\">\n\t\t\t\t\t    \n    <!-- banner-section -->\n    <section class=\"banner-section style-three p_relative centred\" id=\"home\">\n                <div class=\"banner-carousel owl-theme owl-carousel owl-dots-none\">\n                        <div class=\"slide-item p_relative\">\n                <div class=\"image-layer p_absolute\" style=\"background-image:url(https:\/\/www.lunarossaterranova.it\/wp-content\/uploads\/2022\/09\/gallery-57-1.jpg)\"><\/div>                <div class=\"auto-container\">\n                    <div class=\"content-box p_relative d_block z_5\">\n                        <span class=\"animation_text_word special-text p_relative d_block\"><\/span>\n                        <h2 class=\"p_relative d_block\">Luna Rossa Academy<\/h2>                        <p class=\"p_relative d_block\">Mira a formare ed inserire giovani cuochi<\/p>                                            <\/div> \n                <\/div>\n            <\/div>\n                        <div class=\"slide-item p_relative\">\n                <div class=\"image-layer p_absolute\" style=\"background-image:url(https:\/\/www.lunarossaterranova.it\/wp-content\/uploads\/2022\/09\/gallery-14-1.jpg)\"><\/div>                <div class=\"auto-container\">\n                    <div class=\"content-box p_relative d_block z_5\">\n                        <span class=\"animation_text_word special-text p_relative d_block\"><\/span>\n                        <h2 class=\"p_relative d_block\">Integrazione nel territorio<\/h2>                        <p class=\"p_relative d_block\">Ricerca ed espressione della cultura culinaria locale<\/p>                                            <\/div> \n                <\/div>\n            <\/div>\n                        <div class=\"slide-item p_relative\">\n                <div class=\"image-layer p_absolute\" style=\"background-image:url(https:\/\/www.lunarossaterranova.it\/wp-content\/uploads\/2022\/09\/gallery-59-1.jpg)\"><\/div>                <div class=\"auto-container\">\n                    <div class=\"content-box p_relative d_block z_5\">\n                        <span class=\"animation_text_word special-text p_relative d_block\"><\/span>\n                        <h2 class=\"p_relative d_block\">High Quality Food<\/h2>                        <p class=\"p_relative d_block\">Massima espressione degli ingredienti locali e tradizionali<\/p>                                            <\/div> \n                <\/div>\n            <\/div>\n                    <\/div>\n    <\/section>\n    <!-- banner-section end -->\n \n    \t\t\t\t<\/div>\n\t\t\t\t<\/div>\n\t\t\t\t\t<\/div>\n\t\t<\/div>\n\t\t\t\t\t<\/div>\n\t\t<\/section>\n\t\t\t\t<section class=\"elementor-section elementor-top-section elementor-element elementor-element-fd29ede elementor-section-full_width elementor-section-height-default elementor-section-height-default\" data-id=\"fd29ede\" data-element_type=\"section\" data-e-type=\"section\">\n\t\t\t\t\t\t<div class=\"elementor-container elementor-column-gap-default\">\n\t\t\t\t\t<div class=\"elementor-column elementor-col-100 elementor-top-column elementor-element elementor-element-96996ff\" data-id=\"96996ff\" data-element_type=\"column\" data-e-type=\"column\">\n\t\t\t<div class=\"elementor-widget-wrap elementor-element-populated\">\n\t\t\t\t\t\t<div class=\"elementor-element elementor-element-e9256dc elementor-widget elementor-widget-ticrou_about_us_v1\" data-id=\"e9256dc\" data-element_type=\"widget\" data-e-type=\"widget\" data-widget_type=\"ticrou_about_us_v1.default\">\n\t\t\t\t<div class=\"elementor-widget-container\">\n\t\t\t\t\t    \n    <!-- about-section -->\n    <section class=\"about-section sec-pad\" id=\"about\">\n        <div class=\"image_block_one\">\n            <div class=\"image-box\">\n                <figure class=\"image-1 wow slideInUp animated\" data-wow-delay=\"00ms\" data-wow-duration=\"1500ms\"><img decoding=\"async\" src=\"https:\/\/www.lunarossaterranova.it\/wp-content\/uploads\/2023\/08\/IMG_0995-e1691161698257.png\" alt=\"Awesome Image\"><\/figure>                                                \n\t\t\t\t                <div class=\"shape\">\n                    <div class=\"shape-1\"><\/div>\n                    <div class=\"shape-2\" style=\"background-image: url(https:\/\/www.lunarossaterranova.it\/wp-content\/themes\/ticrou\/assets\/images\/shape\/shape-2.png);\"><\/div>\n                <\/div>\n                            <\/div>\n        <\/div>\n        <div class=\"auto-container\">\n            <div class=\"row clearfix\">\n                <div class=\"col-lg-6 col-md-12 col-sm-12 content-column\">\n                    <div class=\"content_block_one\">\n                        <div class=\"content-box\">\n                                                        <div class=\"sec-title mb_30\">\n                                <span class=\"sub-title\">Luna Rossa Academy<\/span>                                <h2><span>Qualit\u00e0 del cibo<\/span> e preparazione<\/h2>                            <\/div>\n                                                        \n                                                        <div class=\"text\">\n                                <p>Luna Rossa Academy<\/span> \u00e8 pi\u00f9 di una piattaforma di esperienze culinarie: associa piccoli paesi di riferimento e li trasforma in Presidio Culturale Gastronomico, espressione del proprio territorio attraverso High Quality Food dove sono collocati palazzi antichi, ville e cantine storiche.<\/p>\n                            <\/div>\n                                                        \n                                                        \n\t\t\t\t\t\t\t                            <div class=\"btn-box\">\n                                <a href=\"\" class=\"theme-btn-one\">Scopri di pi\u00f9<\/a>\n                            <\/div>\n                                                    <\/div>\n                    <\/div>\n                <\/div>\n            <\/div>\n        <\/div>\n    <\/section>\n    <!-- about-section end --> \n \n    \t\t\t\t<\/div>\n\t\t\t\t<\/div>\n\t\t\t\t\t<\/div>\n\t\t<\/div>\n\t\t\t\t\t<\/div>\n\t\t<\/section>\n\t\t\t\t<section class=\"elementor-section elementor-top-section elementor-element elementor-element-6fb3d6a elementor-section-full_width elementor-section-height-default elementor-section-height-default\" data-id=\"6fb3d6a\" data-element_type=\"section\" data-e-type=\"section\">\n\t\t\t\t\t\t<div class=\"elementor-container elementor-column-gap-default\">\n\t\t\t\t\t<div class=\"elementor-column elementor-col-100 elementor-top-column elementor-element elementor-element-a508d15\" data-id=\"a508d15\" data-element_type=\"column\" data-e-type=\"column\">\n\t\t\t<div class=\"elementor-widget-wrap elementor-element-populated\">\n\t\t\t\t\t\t<div class=\"elementor-element elementor-element-8927caa elementor-widget elementor-widget-ticrou_features_v1\" data-id=\"8927caa\" data-element_type=\"widget\" data-e-type=\"widget\" data-widget_type=\"ticrou_features_v1.default\">\n\t\t\t\t<div class=\"elementor-widget-container\">\n\t\t\t\t\t    \n    <!-- promotion-section -->\n    <section class=\"promotion-section sec-pad\">\n        <div class=\"auto-container\">\n\t\t\t            <div class=\"sec-title centred mb_45\">\n                <span class=\"sub-title\">Obiettivi e finalit\u00e0<\/span>                <h2><span>Luna Rossa Academy:<\/span> tra  qualit\u00e0, cucina e territorio<\/h2>            <\/div>\n            \t\t\t            <div class=\"promotion-block-one\">\n                <div class=\"inner-box\">\n                    <div class=\"shape\" style=\"background-image: url(https:\/\/www.lunarossaterranova.it\/wp-content\/themes\/ticrou\/assets\/images\/shape\/shape-2.png);\"><\/div>                    <div class=\"row clearfix\">\n                        \n                                                \n\t\t\t\t\t\t                        <div class=\"col-lg-6 col-md-12 col-sm-12 image-column\">\n                            <div class=\"image-box\">\n                                <figure class=\"image\"><img decoding=\"async\" src=\"https:\/\/www.lunarossaterranova.it\/wp-content\/uploads\/2022\/09\/news-6-1.jpg\" alt=\"Awesome Image\"><\/figure>\n                            <\/div>\n                        <\/div>\n                                                <div class=\"col-lg-6 col-md-12 col-sm-12 content-column\">\n                            <div class=\"content-box\">\n                                <div class=\"content-shape\" style=\"background-image: url(https:\/\/www.lunarossaterranova.it\/wp-content\/themes\/ticrou\/assets\/images\/shape\/shape-9.png);\"><\/div>                                <h2><span>Ripartire dalle origini<\/span> con consapevolezza<\/h2>                                                                <p>Nel 2019 sono emigrate 180mila persone, di cui il 75% italiani e la met\u00e0 laureati, un numero pari alle persone arrivate in Italia\u00bb. Perdiamo giovani, competenze e attrattivit\u00e0 nel mercato del lavoro.\n<br>\nMancano migliaia di lavoratori in agricoltura e nella ristorazione. \nLe piccole imprese ristorative ed agrituristiche  soffrono per le carenza di personale qualificato sia nella lavorazione e trasformazione della materia prima che nell\u2019accoglienza all\u2019interno della propria struttura <\/p>                                                            <\/div>\n                        <\/div>\n                        \n                                                \n                    <\/div>\n                <\/div>\n            <\/div>\n                        <div class=\"promotion-block-one\">\n                <div class=\"inner-box\">\n                    <div class=\"shape\" style=\"background-image: url(https:\/\/www.lunarossaterranova.it\/wp-content\/themes\/ticrou\/assets\/images\/shape\/shape-2.png);\"><\/div>                    <div class=\"row clearfix\">\n                        \n                                                \n                        <div class=\"col-lg-6 col-md-12 col-sm-12 content-column\">\n                            <div class=\"content-box\">\n                                <div class=\"content-shape\" style=\"background-image: url(https:\/\/www.lunarossaterranova.it\/wp-content\/themes\/ticrou\/assets\/images\/shape\/shape-9.png);\"><\/div>                                <h2>Pranzi e cene di <span>archeogastronomia<\/span> in ville o palazzi storici<\/h2>                                                                <p>Scopri il sapore autentico dell'Italia: pranzi e cene indimenticabili in location da sogno!\n\nVieni a gustare deliziosi pasti in una villa o fattoria pittoresca, immersa tra le meraviglie della natura, circondata da orti, vigneti e campi di grano. Che tu preferisca un'atmosfera informale e caratteristica o il fascino di una dimora storica, abbiamo il luogo perfetto per te!\n\nMa non finisce qui: se vuoi portare il gusto italiano direttamente nella tua cucina, partecipa ai nostri esclusivi corsi di cucina! Impara i segreti per preparare la pasta fatta in casa, pizze fragranti, pane appena sfornato, biscotti golosi e salse deliziose. Ti sveleremo anche i trucchi per insaccare la carne come un vero esperto e utilizzare erbe aromatiche e spezie per esaltare i sapori.\n\nDiventa un vero chef con passione e tecnica, immergendoti nelle tradizioni culinarie italiane e portando a tavola il gusto autentico del Bel Paese. Ti aspettiamo per un'esperienza unica e indimenticabile!\n<\/p>                                                            <\/div>\n                        <\/div>\n\t\t\t\t\t\t                        <div class=\"col-lg-6 col-md-12 col-sm-12 image-column\">\n                            <div class=\"image-box\">\n                                <figure class=\"image\"><img decoding=\"async\" src=\"https:\/\/www.lunarossaterranova.it\/wp-content\/uploads\/2022\/09\/gallery-58-1.jpg\" alt=\"Awesome Image\"><\/figure>\n                            <\/div>\n                        <\/div>\n                                                \n                                                \n                    <\/div>\n                <\/div>\n            <\/div>\n                        <div class=\"promotion-block-one\">\n                <div class=\"inner-box\">\n                    <div class=\"shape\" style=\"background-image: url(https:\/\/www.lunarossaterranova.it\/wp-content\/themes\/ticrou\/assets\/images\/shape\/shape-2.png);\"><\/div>                    <div class=\"row clearfix\">\n                        \n                                                \n\t\t\t\t\t\t                        <div class=\"col-lg-6 col-md-12 col-sm-12 image-column\">\n                            <div class=\"image-box\">\n                                <figure class=\"image\"><img decoding=\"async\" src=\"https:\/\/www.lunarossaterranova.it\/wp-content\/uploads\/2022\/09\/news-13-1.jpg\" alt=\"Awesome Image\"><\/figure>\n                            <\/div>\n                        <\/div>\n                                                <div class=\"col-lg-6 col-md-12 col-sm-12 content-column\">\n                            <div class=\"content-box\">\n                                <div class=\"content-shape\" style=\"background-image: url(https:\/\/www.lunarossaterranova.it\/wp-content\/themes\/ticrou\/assets\/images\/shape\/shape-9.png);\"><\/div>                                <h2>Realt\u00e0 <span>aziendale<\/span><\/h2>                                                                <p>Esplora con noi il mondo affascinante dell'agriturismo attraverso il nostro percorso formativo! L'obiettivo \u00e8 diffondere le conoscenze fondamentali riguardanti la normativa agrituristica, fornire nozioni di gestione di un'impresa agrituristica di successo e scoprire insieme le strategie di marketing e promozione pi\u00f9 efficaci. Avvicinati alla terra e impara le tecniche di lavorazione e coltivazione, scopri come produrre e commercializzare i tuoi prodotti con maestria. E non finisce qui! Condividiamo con te le norme che regolano l'accoglienza degli ospiti e la promozione del territorio di riferimento. Unisciti a noi in questo emozionante viaggio di crescita e successo nel mondo dell'agriturismo!<\/p>                                                            <\/div>\n                        <\/div>\n                        \n                                                \n                    <\/div>\n                <\/div>\n            <\/div>\n                        <div class=\"promotion-block-one\">\n                <div class=\"inner-box\">\n                    <div class=\"shape\" style=\"background-image: url(https:\/\/www.lunarossaterranova.it\/wp-content\/themes\/ticrou\/assets\/images\/shape\/shape-2.png);\"><\/div>                    <div class=\"row clearfix\">\n                        \n                                                \n\t\t\t\t\t\t                        <div class=\"col-lg-6 col-md-12 col-sm-12 image-column\">\n                            <div class=\"image-box\">\n                                <figure class=\"image\"><img decoding=\"async\" src=\"https:\/\/www.lunarossaterranova.it\/wp-content\/uploads\/2022\/09\/banner-img-3-1.jpg\" alt=\"Awesome Image\"><\/figure>\n                            <\/div>\n                        <\/div>\n                                                <div class=\"col-lg-6 col-md-12 col-sm-12 content-column\">\n                            <div class=\"content-box\">\n                                <div class=\"content-shape\" style=\"background-image: url(https:\/\/www.lunarossaterranova.it\/wp-content\/themes\/ticrou\/assets\/images\/shape\/shape-9.png);\"><\/div>                                <h2><span>Aperto<\/span> a tutti<\/h2>                                                                <p>Con Luna Rossa Academy  rendere l'arte culinaria accessibile a tutti, trasformando appassionati di cucina in veri maestri, capaci di creare piatti straordinari e conoscere ogni segreto degli ingredienti. Siamo appassionati di High Quality Food e vogliamo portarvi in un viaggio culinario senza pari, esaltando i sapori dei prodotti locali e scoprendo autentiche esperienze gastronomiche in un paradiso incontaminato, dove il ritmo rallentato della vita \u00e8 un valore fondamentale. Unisciti a noi in questa avventura gourmet e scoprilo tu stesso: il sapore del successo \u00e8 solo a un passo!<\/p>                                                            <\/div>\n                        <\/div>\n                        \n                                                \n                    <\/div>\n                <\/div>\n            <\/div>\n                    <\/div>\n    <\/section>\n    <!-- promotion-section end -->\n \n    \t\t\t\t<\/div>\n\t\t\t\t<\/div>\n\t\t\t\t\t<\/div>\n\t\t<\/div>\n\t\t\t\t\t<\/div>\n\t\t<\/section>\n\t\t\t\t<\/div>\n\t\t","protected":false},"excerpt":{"rendered":"<p>Luna Rossa Academy Mira a formare ed inserire giovani cuochi Integrazione nel territorio Ricerca ed espressione della cultura culinaria locale High Quality Food Massima espressione degli ingredienti locali e tradizionali Luna Rossa Academy Qualit\u00e0 del cibo e preparazione Luna Rossa Academy \u00e8 pi\u00f9 di una piattaforma di esperienze culinarie: associa piccoli paesi di riferimento e [&hellip;]<\/p>\n","protected":false},"author":1,"featured_media":0,"parent":0,"menu_order":0,"comment_status":"closed","ping_status":"closed","template":"tpl-default-elementor.php","meta":{"iawp_total_views":125,"footnotes":""},"class_list":["post-1672","page","type-page","status-publish","hentry"],"_links":{"self":[{"href":"https:\/\/www.lunarossaterranova.it\/index.php?rest_route=\/wp\/v2\/pages\/1672","targetHints":{"allow":["GET"]}}],"collection":[{"href":"https:\/\/www.lunarossaterranova.it\/index.php?rest_route=\/wp\/v2\/pages"}],"about":[{"href":"https:\/\/www.lunarossaterranova.it\/index.php?rest_route=\/wp\/v2\/types\/page"}],"author":[{"embeddable":true,"href":"https:\/\/www.lunarossaterranova.it\/index.php?rest_route=\/wp\/v2\/users\/1"}],"replies":[{"embeddable":true,"href":"https:\/\/www.lunarossaterranova.it\/index.php?rest_route=%2Fwp%2Fv2%2Fcomments&post=1672"}],"version-history":[{"count":4,"href":"https:\/\/www.lunarossaterranova.it\/index.php?rest_route=\/wp\/v2\/pages\/1672\/revisions"}],"predecessor-version":[{"id":1677,"href":"https:\/\/www.lunarossaterranova.it\/index.php?rest_route=\/wp\/v2\/pages\/1672\/revisions\/1677"}],"wp:attachment":[{"href":"https:\/\/www.lunarossaterranova.it\/index.php?rest_route=%2Fwp%2Fv2%2Fmedia&parent=1672"}],"curies":[{"name":"wp","href":"https:\/\/api.w.org\/{rel}","templated":true}]}}